{"id":3051,"date":"2024-09-19T14:39:41","date_gmt":"2024-09-19T12:39:41","guid":{"rendered":"https:\/\/regterschotracing.com\/homepagina\/"},"modified":"2025-05-22T13:52:48","modified_gmt":"2025-05-22T11:52:48","slug":"homepagina","status":"publish","type":"page","link":"https:\/\/regterschotracing.com\/nl\/","title":{"rendered":"Homepagina"},"content":{"rendered":"<div class=\"wp-block-themepunch-revslider revslider\" data-modal=\"false\" data-slidertitle=\"Velocity Elegant Fullscreen Slider\" style=\"\">\n\t\t\t\t<p class=\"rs-p-wp-fix\"><\/p>\n\t\t\t\t<sr7-module data-alias=\"Velocity-Elegant-Fullscreen-Slider\" data-id=\"1\" id=\"SR7_1_1\" class=\"rs-ov-hidden\" data-version=\"6.7.31\">\n\t\t\t\t\t<sr7-adjuster><\/sr7-adjuster>\n\t\t\t\t\t<sr7-content>\n\t\t\t\t\t\t<sr7-slide id=\"SR7_1_1-57\" data-key=\"57\">\n\t\t\t\t\t\t\t<sr7-txt id=\"SR7_1_1-57-2\" class=\"sr7-layer\">0{{current_slide_index}}<\/sr7-txt>\n\t\t\t\t\t\t\t<sr7-txt id=\"SR7_1_1-57-5\" class=\"sr7-layer\">Garage<\/sr7-txt>\n\t\t\t\t\t\t\t<sr7-txt id=\"SR7_1_1-57-6\" class=\"sr7-layer\">\/0{{total_slide_count}}<\/sr7-txt>\n\t\t\t\t\t\t\t<sr7-txt id=\"SR7_1_1-57-10\" class=\"sr7-layer\">Regterschot Racing is niet zomaar een team, het is een poort naar het bereiken van race excellentie. Ons verhaal begon in 2022 met een team van gepassioneerde engineers gedreven door \u00e9\u00e9n visie: de grenzen van racen opnieuw te defini\u00ebren.<\/sr7-txt>\n\t\t\t\t\t\t\t<sr7-txt id=\"SR7_1_1-57-35\" class=\"sr7-layer\">RaceTeam<\/sr7-txt>\n\t\t\t\t\t\t\t<sr7-txt id=\"SR7_1_1-57-41\" class=\"sr7-layer\">Engineering<\/sr7-txt>\n\t\t\t\t\t\t\t<sr7-txt id=\"SR7_1_1-57-43\" class=\"sr7-layer\">Webshop<\/sr7-txt>\n\t\t\t\t\t\t\t<sr7-txt id=\"SR7_1_1-57-45\" class=\"sr7-layer\">Over ons<\/sr7-txt>\n\t\t\t\t\t\t\t<sr7-txt id=\"SR7_1_1-57-48\" class=\"sr7-layer\">Contact<\/sr7-txt>\n\t\t\t\t\t\t\t<sr7-txt id=\"SR7_1_1-57-52\" class=\"sr7-layer\">Garage<\/sr7-txt>\n\t\t\t\t\t\t<\/sr7-slide>\n\t\t\t\t\t\t<sr7-slide id=\"SR7_1_1-3\" data-key=\"3\">\n\t\t\t\t\t\t\t<sr7-txt id=\"SR7_1_1-3-2\" class=\"sr7-layer\">0{{current_slide_index}}<\/sr7-txt>\n\t\t\t\t\t\t\t<sr7-txt id=\"SR7_1_1-3-5\" class=\"sr7-layer\">Raceteam<\/sr7-txt>\n\t\t\t\t\t\t\t<sr7-txt id=\"SR7_1_1-3-6\" class=\"sr7-layer\">\/0{{total_slide_count}}<\/sr7-txt>\n\t\t\t\t\t\t\t<sr7-txt id=\"SR7_1_1-3-10\" class=\"sr7-layer\">Regterschot Racing is niet zomaar een team, het is een poort naar het bereiken van race excellentie. Ons verhaal begon in 2022 met een team van gepassioneerde engineers gedreven door \u00e9\u00e9n visie: de grenzen van racen opnieuw te defini\u00ebren.<\/sr7-txt>\n\t\t\t\t\t\t\t<sr7-txt id=\"SR7_1_1-3-35\" class=\"sr7-layer\">RaceTeam<\/sr7-txt>\n\t\t\t\t\t\t\t<sr7-txt id=\"SR7_1_1-3-41\" class=\"sr7-layer\">Engineering<\/sr7-txt>\n\t\t\t\t\t\t\t<sr7-txt id=\"SR7_1_1-3-43\" class=\"sr7-layer\">Webshop<\/sr7-txt>\n\t\t\t\t\t\t\t<sr7-txt id=\"SR7_1_1-3-45\" class=\"sr7-layer\">Over ons<\/sr7-txt>\n\t\t\t\t\t\t\t<sr7-txt id=\"SR7_1_1-3-48\" class=\"sr7-layer\">Contact<\/sr7-txt>\n\t\t\t\t\t\t\t<sr7-txt id=\"SR7_1_1-3-52\" class=\"sr7-layer\">Garage<\/sr7-txt>\n\t\t\t\t\t\t<\/sr7-slide>\n\t\t\t\t\t\t<sr7-slide id=\"SR7_1_1-21\" data-key=\"21\">\n\t\t\t\t\t\t\t<sr7-txt id=\"SR7_1_1-21-2\" class=\"sr7-layer\">0{{current_slide_index}}<\/sr7-txt>\n\t\t\t\t\t\t\t<sr7-txt id=\"SR7_1_1-21-5\" class=\"sr7-layer\">Engineering<\/sr7-txt>\n\t\t\t\t\t\t\t<sr7-txt id=\"SR7_1_1-21-6\" class=\"sr7-layer\">\/0{{total_slide_count}}<\/sr7-txt>\n\t\t\t\t\t\t\t<sr7-txt id=\"SR7_1_1-21-10\" class=\"sr7-layer\">Regterschot Performance Auto Garage: In onze ultramoderne garage ontmoet precisietechniek high-performance prestaties. We zijn gespecialiseerd in het optimaliseren van alle merken en modellen van performance auto's, waardoor hun ware potentieel op en naast de baan wordt ontsloten.<\/sr7-txt>\n\t\t\t\t\t\t\t<sr7-txt id=\"SR7_1_1-21-35\" class=\"sr7-layer\">RaceTeam<\/sr7-txt>\n\t\t\t\t\t\t\t<sr7-txt id=\"SR7_1_1-21-41\" class=\"sr7-layer\">Engineering<\/sr7-txt>\n\t\t\t\t\t\t\t<sr7-txt id=\"SR7_1_1-21-43\" class=\"sr7-layer\">Webshop<\/sr7-txt>\n\t\t\t\t\t\t\t<sr7-txt id=\"SR7_1_1-21-45\" class=\"sr7-layer\">Over ons<\/sr7-txt>\n\t\t\t\t\t\t\t<sr7-txt id=\"SR7_1_1-21-48\" class=\"sr7-layer\">Contact<\/sr7-txt>\n\t\t\t\t\t\t\t<sr7-txt id=\"SR7_1_1-21-52\" class=\"sr7-layer\">Garage<\/sr7-txt>\n\t\t\t\t\t\t<\/sr7-slide>\n\t\t\t\t\t\t<sr7-slide id=\"SR7_1_1-6\" data-key=\"6\">\n\t\t\t\t\t\t<\/sr7-slide>\n\t\t\t\t\t<\/sr7-content>\n\t\t\t\t\t<image_lists style=\"display:none\">\n\t\t\t\t\t\t<img data-src=\"\/\/regterschotracing.com\/wp-content\/uploads\/Testday-RR-13-van-79-scaled.jpg\" data-libid=\"2966\" title=\"Testday RR (13 van 79)\" width=\"0\" height=\"0\" data-dbsrc=\"Ly9yZWd0ZXJzY2hvdHJhY2luZy5jb20vd3AtY29udGVudC91cGxvYWRzL1Rlc3RkYXktUlItMTMtdmFuLTc5LXNjYWxlZC5qcGc=\"\/>\n\t\t\t\t\t\t<img data-src=\"\/\/regterschotracing.com\/wp-content\/uploads\/Regterschot-Racing-logo-za-1000-800x120.png\" data-libid=\"1927\" data-lib=\"medialibrary\" title=\"Regterschot-Racing-logo-za-1000\" width=\"0\" height=\"0\" data-dbsrc=\"Ly9yZWd0ZXJzY2hvdHJhY2luZy5jb20vd3AtY29udGVudC91cGxvYWRzL1JlZ3RlcnNjaG90LVJhY2luZy1sb2dvLXphLTEwMDAtODAweDEyMC5wbmc=\"\/>\n\t\t\t\t\t\t<img data-src=\"\/\/regterschotracing.com\/wp-content\/uploads\/Testday-RR-12-van-79-scaled.jpg\" data-libid=\"2972\" title=\"Testday RR (12 van 79)\" width=\"0\" height=\"0\" data-dbsrc=\"Ly9yZWd0ZXJzY2hvdHJhY2luZy5jb20vd3AtY29udGVudC91cGxvYWRzL1Rlc3RkYXktUlItMTItdmFuLTc5LXNjYWxlZC5qcGc=\"\/>\n\t\t\t\t\t\t<img data-src=\"\/\/regterschotracing.com\/wp-content\/uploads\/Testday-RR-52-van-79.jpg\" data-libid=\"3235\" title=\"Testday RR (52 van 79)\" width=\"0\" height=\"0\" data-dbsrc=\"Ly9yZWd0ZXJzY2hvdHJhY2luZy5jb20vd3AtY29udGVudC91cGxvYWRzL1Rlc3RkYXktUlItNTItdmFuLTc5LmpwZw==\"\/>\n\t\t\t\t\t<\/image_lists>\n\t\t\t\t<\/sr7-module>\n\t\t\t\t<script>\n\t\t\t\t\tSR7.PMH ??={}; SR7.PMH[\"SR7_1_1\"] = {cn:100,state:false,fn: function() { if (_tpt!==undefined && _tpt.prepareModuleHeight !== undefined) {  _tpt.prepareModuleHeight({id:\"SR7_1_1\",el:[900,900,768,960,720],type:'standard',shdw:'0',gh:[900,900,768,960,720],gw:[1240,1240,1024,778,480],vpt:['-100px&#039;,&#039;-100px&#039;,&#039;-100px&#039;,&#039;-100px&#039;,&#039;-100px'],size:{fullWidth:true, fullHeight:true},fho:'',mh:'0',onh:0,onw:0,bg:{color:'{\"type\":\"solid\",\"orig\":\"#101010\",\"string\":\"rgba(16, 16, 16, 1)\"}'}});   SR7.PMH[\"SR7_1_1\"].state=true;} else if(SR7.PMH[\"SR7_1_1\"].cn-->0)\tsetTimeout( SR7.PMH[\"SR7_1_1\"].fn,19);}};SR7.PMH[\"SR7_1_1\" ].fn();\n\t\t\t\t<\/script>\n<\/div><div style=\"height:100px\" aria-hidden=\"true\" class=\"wp-block-spacer\"><\/div><figure class=\"wp-block-image aligncenter size-large\"><img loading=\"lazy\" decoding=\"async\" width=\"724\" height=\"1024\" src=\"https:\/\/regterschotracing.com\/wp-content\/uploads\/Green-Minimalist-Grand-Opening-Restaurant-Flyer-Portrait-4-724x1024.jpg\" alt=\"\" class=\"wp-image-3380\" srcset=\"https:\/\/regterschotracing.com\/wp-content\/uploads\/Green-Minimalist-Grand-Opening-Restaurant-Flyer-Portrait-4-724x1024.jpg 724w, https:\/\/regterschotracing.com\/wp-content\/uploads\/Green-Minimalist-Grand-Opening-Restaurant-Flyer-Portrait-4-212x300.jpg 212w, https:\/\/regterschotracing.com\/wp-content\/uploads\/Green-Minimalist-Grand-Opening-Restaurant-Flyer-Portrait-4-768x1086.jpg 768w, https:\/\/regterschotracing.com\/wp-content\/uploads\/Green-Minimalist-Grand-Opening-Restaurant-Flyer-Portrait-4-1086x1536.jpg 1086w, https:\/\/regterschotracing.com\/wp-content\/uploads\/Green-Minimalist-Grand-Opening-Restaurant-Flyer-Portrait-4-1448x2048.jpg 1448w, https:\/\/regterschotracing.com\/wp-content\/uploads\/Green-Minimalist-Grand-Opening-Restaurant-Flyer-Portrait-4-500x707.jpg 500w, https:\/\/regterschotracing.com\/wp-content\/uploads\/Green-Minimalist-Grand-Opening-Restaurant-Flyer-Portrait-4-700x990.jpg 700w, https:\/\/regterschotracing.com\/wp-content\/uploads\/Green-Minimalist-Grand-Opening-Restaurant-Flyer-Portrait-4.jpg 1810w\" sizes=\"(max-width: 724px) 100vw, 724px\" \/><\/figure><div class=\"wp-block-media-text is-stacked-on-mobile test\" id=\"mobiel-heading\"><figure class=\"wp-block-media-text__media\"><img loading=\"lazy\" decoding=\"async\" width=\"1024\" height=\"683\" src=\"https:\/\/regterschotracing.com\/wp-content\/uploads\/DD0A5170-1024x683.jpg\" alt=\"\" class=\"wp-image-2490 size-full\" srcset=\"https:\/\/regterschotracing.com\/wp-content\/uploads\/DD0A5170-1024x683.jpg 1024w, https:\/\/regterschotracing.com\/wp-content\/uploads\/DD0A5170-scaled-500x333.jpg 500w, https:\/\/regterschotracing.com\/wp-content\/uploads\/DD0A5170-scaled-700x467.jpg 700w, https:\/\/regterschotracing.com\/wp-content\/uploads\/DD0A5170-300x200.jpg 300w, https:\/\/regterschotracing.com\/wp-content\/uploads\/DD0A5170-768x512.jpg 768w, https:\/\/regterschotracing.com\/wp-content\/uploads\/DD0A5170-1536x1024.jpg 1536w, https:\/\/regterschotracing.com\/wp-content\/uploads\/DD0A5170-2048x1365.jpg 2048w, https:\/\/regterschotracing.com\/wp-content\/uploads\/DD0A5170-200x133.jpg 200w, https:\/\/regterschotracing.com\/wp-content\/uploads\/DD0A5170-400x267.jpg 400w, https:\/\/regterschotracing.com\/wp-content\/uploads\/DD0A5170-600x400.jpg 600w, https:\/\/regterschotracing.com\/wp-content\/uploads\/DD0A5170-800x533.jpg 800w, https:\/\/regterschotracing.com\/wp-content\/uploads\/DD0A5170-1200x800.jpg 1200w\" sizes=\"(max-width: 1024px) 100vw, 1024px\" \/><\/figure><div class=\"wp-block-media-text__content\"><h2 class=\"wp-block-heading mobiel-heading\" style=\"font-size:clamp(27.42px, 1.714rem + ((1vw - 3.2px) * 1.53), 47px);\"><strong>Regterschot Racing Garage \u2013 Jouw auto, onze passie<\/strong><\/h2>\n\n<p>Bij Regterschot Racing Garage zorgen we met vakmanschap en liefde voor detail voor elke auto, van een woon-werkverkeer auto tot circuitbeest. Maak snel een afspraak voor een pitstop of grondige check. Wij bieden onderhoud volgens fabrieksnormen, diagnose en reparatie, banden- en velgenservice, differentieelrevisie, en nog veel meer. Transparant, betrouwbaar en klaar om jouw auto te laten presteren, op straat of circuit. Welkom bij Regterschot Racing Garage.<\/p>\n\n<div class=\"wp-block-buttons is-layout-flex wp-block-buttons-is-layout-flex\"><div class=\"wp-block-button\"><a class=\"wp-block-button__link wp-element-button\" href=\"https:\/\/regterschotracing.com\/nl\/garage-2\/\">Garage<\/a><\/div><\/div>\n\n<div style=\"height:40px\" aria-hidden=\"true\" class=\"wp-block-spacer\"><\/div><\/div><\/div><div style=\"height:50px\" aria-hidden=\"true\" class=\"wp-block-spacer\"><\/div><div class=\"wp-block-media-text has-media-on-the-right is-stacked-on-mobile test\" style=\"margin-top:0;margin-bottom:0;grid-template-columns:auto 46%\"><div class=\"wp-block-media-text__content\"><h2 class=\"wp-block-heading mobiel-heading\" style=\"font-size:clamp(27.42px, 1.714rem + ((1vw - 3.2px) * 1.53), 47px);\"><strong>Ontdek de Zilhouette Z4 bij Regterschot Racing<\/strong><\/h2>\n\n<p> Huur onze Zilhouette Z4 raceauto (3L BMW-motor, 250+ pk, 330+ Nm) voor trackdays of races, met volledige ondersteuning en driver coaching. Ons innovatieve raceteam biedt tracksupport, race-engineering en data-analyse om jouw prestaties te maximaliseren. Reserveer nu en ervaar autosport op topniveau!<\/p>\n\n<div class=\"wp-block-buttons is-layout-flex wp-block-buttons-is-layout-flex\"><div class=\"wp-block-button\"><a class=\"wp-block-button__link wp-element-button\" href=\"https:\/\/regterschotracing.com\/nl\/racing-team\/\">Ons raceteam<\/a><\/div><\/div>\n\n<div style=\"height:40px\" aria-hidden=\"true\" class=\"wp-block-spacer\"><\/div><\/div><figure class=\"wp-block-media-text__media\"><img loading=\"lazy\" decoding=\"async\" width=\"1024\" height=\"576\" src=\"https:\/\/regterschotracing.com\/wp-content\/uploads\/Testday-RR-12-van-79-1-1024x576.jpg\" alt=\"\" class=\"wp-image-3170 size-full\" srcset=\"https:\/\/regterschotracing.com\/wp-content\/uploads\/Testday-RR-12-van-79-1-1024x576.jpg 1024w, https:\/\/regterschotracing.com\/wp-content\/uploads\/Testday-RR-12-van-79-1-300x169.jpg 300w, https:\/\/regterschotracing.com\/wp-content\/uploads\/Testday-RR-12-van-79-1-768x432.jpg 768w, https:\/\/regterschotracing.com\/wp-content\/uploads\/Testday-RR-12-van-79-1-1536x864.jpg 1536w, https:\/\/regterschotracing.com\/wp-content\/uploads\/Testday-RR-12-van-79-1-2048x1152.jpg 2048w, https:\/\/regterschotracing.com\/wp-content\/uploads\/Testday-RR-12-van-79-1-500x281.jpg 500w, https:\/\/regterschotracing.com\/wp-content\/uploads\/Testday-RR-12-van-79-1-700x394.jpg 700w\" sizes=\"(max-width: 1024px) 100vw, 1024px\" \/><\/figure><\/div><div style=\"height:50px\" aria-hidden=\"true\" class=\"wp-block-spacer\"><\/div><div class=\"wp-block-media-text is-stacked-on-mobile test\" id=\"mobiel-heading\"><figure class=\"wp-block-media-text__media\"><img loading=\"lazy\" decoding=\"async\" width=\"1024\" height=\"576\" src=\"https:\/\/regterschotracing.com\/wp-content\/uploads\/Testday-RR-24-van-79-1024x576.jpg\" alt=\"\" class=\"wp-image-3194 size-full\" srcset=\"https:\/\/regterschotracing.com\/wp-content\/uploads\/Testday-RR-24-van-79-1024x576.jpg 1024w, https:\/\/regterschotracing.com\/wp-content\/uploads\/Testday-RR-24-van-79-300x169.jpg 300w, https:\/\/regterschotracing.com\/wp-content\/uploads\/Testday-RR-24-van-79-768x432.jpg 768w, https:\/\/regterschotracing.com\/wp-content\/uploads\/Testday-RR-24-van-79-1536x864.jpg 1536w, https:\/\/regterschotracing.com\/wp-content\/uploads\/Testday-RR-24-van-79-2048x1152.jpg 2048w, https:\/\/regterschotracing.com\/wp-content\/uploads\/Testday-RR-24-van-79-500x281.jpg 500w, https:\/\/regterschotracing.com\/wp-content\/uploads\/Testday-RR-24-van-79-700x394.jpg 700w\" sizes=\"(max-width: 1024px) 100vw, 1024px\" \/><\/figure><div class=\"wp-block-media-text__content\"><h2 class=\"wp-block-heading mobiel-heading\" style=\"font-size:clamp(27.42px, 1.714rem + ((1vw - 3.2px) * 1.53), 47px);\"><strong>Regterschot Engineering \u2013 Innovatie in Automotive<\/strong><\/h2>\n\n<p> Regterschot Engineering biedt hoogwaardige oplossingen zoals custom builds, ophangingsdesign, ABS-systemen, aero-simulaties en embedded technologie\u00ebn. Van raceauto\u2019s tot straatvoertuigen, wij combineren passie met precisie. Ontdek ons eigen datalogsysteem en word development-partner!<\/p>\n\n<div class=\"wp-block-buttons is-layout-flex wp-block-buttons-is-layout-flex\"><div class=\"wp-block-button\"><a class=\"wp-block-button__link wp-element-button\" href=\"https:\/\/regterschotracing.com\/nl\/engineering\/\">Engineering<\/a><\/div><\/div>\n\n<div style=\"height:40px\" aria-hidden=\"true\" class=\"wp-block-spacer\"><\/div><\/div><\/div><p><\/p>","protected":false},"excerpt":{"rendered":"","protected":false},"author":50,"featured_media":0,"parent":0,"menu_order":0,"comment_status":"closed","ping_status":"closed","template":"","meta":{"content-type":"","footnotes":""},"class_list":["post-3051","page","type-page","status-publish","hentry"],"blocksy_meta":[],"yoast_head":"<!-- This site is optimized with the Yoast SEO plugin v24.8.1 - https:\/\/yoast.com\/wordpress\/plugins\/seo\/ -->\n<title>Homepagina - Regterschot Racing<\/title>\n<meta name=\"robots\" content=\"index, follow, max-snippet:-1, max-image-preview:large, max-video-preview:-1\" \/>\n<link rel=\"canonical\" href=\"https:\/\/regterschotracing.com\/nl\/\" \/>\n<meta property=\"og:locale\" content=\"nl_NL\" \/>\n<meta property=\"og:type\" content=\"article\" \/>\n<meta property=\"og:title\" content=\"Homepagina - Regterschot Racing\" \/>\n<meta property=\"og:url\" content=\"https:\/\/regterschotracing.com\/nl\/\" \/>\n<meta property=\"og:site_name\" content=\"Regterschot Racing\" \/>\n<meta property=\"article:modified_time\" content=\"2025-05-22T11:52:48+00:00\" \/>\n<meta property=\"og:image\" content=\"https:\/\/regterschotracing.com\/wp-content\/uploads\/Green-Minimalist-Grand-Opening-Restaurant-Flyer-Portrait-4.jpg\" \/>\n\t<meta property=\"og:image:width\" content=\"1810\" \/>\n\t<meta property=\"og:image:height\" content=\"2560\" \/>\n\t<meta property=\"og:image:type\" content=\"image\/jpeg\" \/>\n<meta name=\"twitter:card\" content=\"summary_large_image\" \/>\n<meta name=\"twitter:label1\" content=\"Geschatte leestijd\" \/>\n\t<meta name=\"twitter:data1\" content=\"2 minuten\" \/>\n<script type=\"application\/ld+json\" class=\"yoast-schema-graph\">{\"@context\":\"https:\/\/schema.org\",\"@graph\":[{\"@type\":\"WebPage\",\"@id\":\"https:\/\/regterschotracing.com\/nl\/\",\"url\":\"https:\/\/regterschotracing.com\/nl\/\",\"name\":\"Homepagina - Regterschot Racing\",\"isPartOf\":{\"@id\":\"https:\/\/regterschotracing.com\/nl\/#website\"},\"primaryImageOfPage\":{\"@id\":\"https:\/\/regterschotracing.com\/nl\/#primaryimage\"},\"image\":{\"@id\":\"https:\/\/regterschotracing.com\/nl\/#primaryimage\"},\"thumbnailUrl\":\"https:\/\/regterschotracing.com\/wp-content\/uploads\/Green-Minimalist-Grand-Opening-Restaurant-Flyer-Portrait-4-724x1024.jpg\",\"datePublished\":\"2024-09-19T12:39:41+00:00\",\"dateModified\":\"2025-05-22T11:52:48+00:00\",\"breadcrumb\":{\"@id\":\"https:\/\/regterschotracing.com\/nl\/#breadcrumb\"},\"inLanguage\":\"nl-NL\",\"potentialAction\":[{\"@type\":\"ReadAction\",\"target\":[\"https:\/\/regterschotracing.com\/nl\/\"]}]},{\"@type\":\"ImageObject\",\"inLanguage\":\"nl-NL\",\"@id\":\"https:\/\/regterschotracing.com\/nl\/#primaryimage\",\"url\":\"https:\/\/regterschotracing.com\/wp-content\/uploads\/Green-Minimalist-Grand-Opening-Restaurant-Flyer-Portrait-4-724x1024.jpg\",\"contentUrl\":\"https:\/\/regterschotracing.com\/wp-content\/uploads\/Green-Minimalist-Grand-Opening-Restaurant-Flyer-Portrait-4-724x1024.jpg\"},{\"@type\":\"BreadcrumbList\",\"@id\":\"https:\/\/regterschotracing.com\/nl\/#breadcrumb\",\"itemListElement\":[{\"@type\":\"ListItem\",\"position\":1,\"name\":\"Home\",\"item\":\"https:\/\/regterschotracing.com\/nl\/\"},{\"@type\":\"ListItem\",\"position\":2,\"name\":\"Homepagina\"}]},{\"@type\":\"WebSite\",\"@id\":\"https:\/\/regterschotracing.com\/nl\/#website\",\"url\":\"https:\/\/regterschotracing.com\/nl\/\",\"name\":\"Regterschot Racing\",\"description\":\"We make our passion future proof\",\"publisher\":{\"@id\":\"https:\/\/regterschotracing.com\/nl\/#organization\"},\"potentialAction\":[{\"@type\":\"SearchAction\",\"target\":{\"@type\":\"EntryPoint\",\"urlTemplate\":\"https:\/\/regterschotracing.com\/nl\/?s={search_term_string}\"},\"query-input\":{\"@type\":\"PropertyValueSpecification\",\"valueRequired\":true,\"valueName\":\"search_term_string\"}}],\"inLanguage\":\"nl-NL\"},{\"@type\":\"Organization\",\"@id\":\"https:\/\/regterschotracing.com\/nl\/#organization\",\"name\":\"Regterschot Racing\",\"url\":\"https:\/\/regterschotracing.com\/nl\/\",\"logo\":{\"@type\":\"ImageObject\",\"inLanguage\":\"nl-NL\",\"@id\":\"https:\/\/regterschotracing.com\/nl\/#\/schema\/logo\/image\/\",\"url\":\"\",\"contentUrl\":\"\",\"caption\":\"Regterschot Racing\"},\"image\":{\"@id\":\"https:\/\/regterschotracing.com\/nl\/#\/schema\/logo\/image\/\"}}]}<\/script>\n<!-- \/ Yoast SEO plugin. -->","yoast_head_json":{"title":"Homepagina - Regterschot Racing","robots":{"index":"index","follow":"follow","max-snippet":"max-snippet:-1","max-image-preview":"max-image-preview:large","max-video-preview":"max-video-preview:-1"},"canonical":"https:\/\/regterschotracing.com\/nl\/","og_locale":"nl_NL","og_type":"article","og_title":"Homepagina - Regterschot Racing","og_url":"https:\/\/regterschotracing.com\/nl\/","og_site_name":"Regterschot Racing","article_modified_time":"2025-05-22T11:52:48+00:00","og_image":[{"width":1810,"height":2560,"url":"https:\/\/regterschotracing.com\/wp-content\/uploads\/Green-Minimalist-Grand-Opening-Restaurant-Flyer-Portrait-4.jpg","type":"image\/jpeg"}],"twitter_card":"summary_large_image","twitter_misc":{"Geschatte leestijd":"2 minuten"},"schema":{"@context":"https:\/\/schema.org","@graph":[{"@type":"WebPage","@id":"https:\/\/regterschotracing.com\/nl\/","url":"https:\/\/regterschotracing.com\/nl\/","name":"Homepagina - Regterschot Racing","isPartOf":{"@id":"https:\/\/regterschotracing.com\/nl\/#website"},"primaryImageOfPage":{"@id":"https:\/\/regterschotracing.com\/nl\/#primaryimage"},"image":{"@id":"https:\/\/regterschotracing.com\/nl\/#primaryimage"},"thumbnailUrl":"https:\/\/regterschotracing.com\/wp-content\/uploads\/Green-Minimalist-Grand-Opening-Restaurant-Flyer-Portrait-4-724x1024.jpg","datePublished":"2024-09-19T12:39:41+00:00","dateModified":"2025-05-22T11:52:48+00:00","breadcrumb":{"@id":"https:\/\/regterschotracing.com\/nl\/#breadcrumb"},"inLanguage":"nl-NL","potentialAction":[{"@type":"ReadAction","target":["https:\/\/regterschotracing.com\/nl\/"]}]},{"@type":"ImageObject","inLanguage":"nl-NL","@id":"https:\/\/regterschotracing.com\/nl\/#primaryimage","url":"https:\/\/regterschotracing.com\/wp-content\/uploads\/Green-Minimalist-Grand-Opening-Restaurant-Flyer-Portrait-4-724x1024.jpg","contentUrl":"https:\/\/regterschotracing.com\/wp-content\/uploads\/Green-Minimalist-Grand-Opening-Restaurant-Flyer-Portrait-4-724x1024.jpg"},{"@type":"BreadcrumbList","@id":"https:\/\/regterschotracing.com\/nl\/#breadcrumb","itemListElement":[{"@type":"ListItem","position":1,"name":"Home","item":"https:\/\/regterschotracing.com\/nl\/"},{"@type":"ListItem","position":2,"name":"Homepagina"}]},{"@type":"WebSite","@id":"https:\/\/regterschotracing.com\/nl\/#website","url":"https:\/\/regterschotracing.com\/nl\/","name":"Regterschot Racing","description":"We make our passion future proof","publisher":{"@id":"https:\/\/regterschotracing.com\/nl\/#organization"},"potentialAction":[{"@type":"SearchAction","target":{"@type":"EntryPoint","urlTemplate":"https:\/\/regterschotracing.com\/nl\/?s={search_term_string}"},"query-input":{"@type":"PropertyValueSpecification","valueRequired":true,"valueName":"search_term_string"}}],"inLanguage":"nl-NL"},{"@type":"Organization","@id":"https:\/\/regterschotracing.com\/nl\/#organization","name":"Regterschot Racing","url":"https:\/\/regterschotracing.com\/nl\/","logo":{"@type":"ImageObject","inLanguage":"nl-NL","@id":"https:\/\/regterschotracing.com\/nl\/#\/schema\/logo\/image\/","url":"","contentUrl":"","caption":"Regterschot Racing"},"image":{"@id":"https:\/\/regterschotracing.com\/nl\/#\/schema\/logo\/image\/"}}]}},"_links":{"self":[{"href":"https:\/\/regterschotracing.com\/nl\/wp-json\/wp\/v2\/pages\/3051"}],"collection":[{"href":"https:\/\/regterschotracing.com\/nl\/wp-json\/wp\/v2\/pages"}],"about":[{"href":"https:\/\/regterschotracing.com\/nl\/wp-json\/wp\/v2\/types\/page"}],"author":[{"embeddable":true,"href":"https:\/\/regterschotracing.com\/nl\/wp-json\/wp\/v2\/users\/50"}],"replies":[{"embeddable":true,"href":"https:\/\/regterschotracing.com\/nl\/wp-json\/wp\/v2\/comments?post=3051"}],"version-history":[{"count":5,"href":"https:\/\/regterschotracing.com\/nl\/wp-json\/wp\/v2\/pages\/3051\/revisions"}],"predecessor-version":[{"id":3382,"href":"https:\/\/regterschotracing.com\/nl\/wp-json\/wp\/v2\/pages\/3051\/revisions\/3382"}],"wp:attachment":[{"href":"https:\/\/regterschotracing.com\/nl\/wp-json\/wp\/v2\/media?parent=3051"}],"curies":[{"name":"wp","href":"https:\/\/api.w.org\/{rel}","templated":true}]}}